{"id":101,"date":"2017-01-19T15:40:33","date_gmt":"2017-01-19T17:40:33","guid":{"rendered":"http:\/\/harasadal.com.br\/site\/?page_id=101"},"modified":"2017-02-02T11:44:12","modified_gmt":"2017-02-02T13:44:12","slug":"o-haras","status":"publish","type":"page","link":"https:\/\/harasadal.com.br\/site\/o-haras\/","title":{"rendered":"O HARAS"},"content":{"rendered":"<p><strong>ADAL<\/strong> \u00e9 abrevia\u00e7\u00e3o de Alberto Dalcanale, Alberto \u00e9 o nome predominante na fam\u00edlia que \u00e9 totalmente apaixonada pelo hipismo.<\/p>\n<p>O Haras foi fundado por <strong>Luiz Alberto Dalcanale <\/strong>h\u00e1 mais de vinte anos, cavaleiro participante em concursos com mais de sessenta anos de experi\u00eancia. Foi Presidente da Sociedade H\u00edpica Paranaense por tr\u00eas vezes, Presidente da Federa\u00e7\u00e3o Paranaense de Hipismo por duas vezes, Presidente da Associa\u00e7\u00e3o Brasileira dos Criadores do Cavalo de Hipismo por duas vezes. Participou de provas no Brasil e no exterior, foi chefe da equipe do Brasil em concurso internacional de Carrasco no Uruguai e tem in\u00fameras classifica\u00e7\u00f5es e t\u00edtulos no Brasil e no exterior.<\/p>\n<p>Alberto Dalcanale Neto, cavaleiro atuante, campe\u00e3o paranaense diversas vezes, v\u00e1rias classifica\u00e7\u00f5es em campeonatos brasileiros de diversas categorias, ganhador de provas nos principais concursos do Brasil, ganhador de provas em Buenos Aires, Montevid\u00e9u, classifica\u00e7\u00e3o em Medel\u00edn (Col\u00f4mbia) e Lima (Peru), foi por v\u00e1rios anos com a \u00e9gua B\u00e1rbara, considerado um dos cavaleiros mais r\u00e1pidos da Am\u00e9rica do Sul , em provas de 1,35m . Foi Presidente da Sociedade H\u00edpica Paranaense e da Federa\u00e7\u00e3o Paranaense de Hipismo<\/p>\n<p>Alberto Dalcanale, ganhador de provas em diversas categorias, classifica\u00e7\u00f5es individuais em campeonatos brasileiros de mirim e juniores, campe\u00e3o brasileiro mirim por equipes, ganhador de ranking da Federa\u00e7\u00e3o e da Sociedade H\u00edpica Paranaense.<\/p>\n<p>Pedro Dalcanale, iniciando sua carreira h\u00edpica, com vit\u00f3rias em todas as categorias de escola, atualmente disputando a categoria de Mini mirim.<\/p>\n<p>Luiz Henrique Dalcanale, cavaleiro que quando saltava, foi campe\u00e3o paranaense de v\u00e1rias categorias, classifica\u00e7\u00f5es importantes em campeonatos brasileiros da categoria Junior, e vice campe\u00e3o sul americano da categoria Junior , disputado em Santiago do Chile.<\/p>\n<p>Entre muitos cavalos de sucesso de nossa vida esportiva e produtos de cria\u00e7\u00e3o do Haras Adal citamos NARCISIN, montado por Justo Albarracim cavaleiro ol\u00edmpico da equipe Argentina, que conosco conviveu por oito anos em Curitiba, classificando-se para o Campeonato Mundial de Saltos em Estocolmo como representante Sul Americano e que continua nos dando uma especial consultoria. ASPEN depois montado por Doda Miranda que conquistou lugar de destaque a n\u00edvel internacional participando das olimp\u00edadas de Atlanta, campeonato mundial de Roma, e uma somat\u00f3ria de vit\u00f3rias em importantes grandes pr\u00eamios mundiais. MINUCHA campe\u00e3 Brasileira S\u00eanior com o Cel. Renildo Ferreira, ATLYN com Daniel Khury, representando o Brasil no campeonato de cavalos novos em Lanaken, Holanda. B\u00c1RBARA, montada de Alberto, com vit\u00f3rias nos principais concursos brasileiros, e v\u00e1rios na Am\u00e9rica do Sul, entre tantos outros cavalos.<\/p>\n<p>O Haras j\u00e1 exportou cavalos para B\u00e9lgica, Estados Unidos, Argentina, Uruguai e Paraguai.<\/p>\n<p>Nossos produtos, embora em n\u00fameros reduzidos, fazem sucesso em todo o Brasil. No Paran\u00e1 temos vencedores em todas as categorias de cavalos novos e rankings da Federa\u00e7\u00e3o Paranaense de Hipismo e da Sociedade H\u00edpica do Paran\u00e1. Nas provas fortes da Federa\u00e7\u00e3o e da H\u00edpica do Paran\u00e1 o maior n\u00famero de inscri\u00e7\u00f5es \u00e9 do ADAL.<\/p>\n<p>Temos um bom complexo esportivo, pistas, redondel, picadeiro coberto, veterin\u00e1ria, amplos piquetes com excelente pastagem.<br \/>\nDedicamo-nos a cria\u00e7\u00e3o e ao treinamento dos cavalos, hospedamos cavalos de terceiros e temos aulas de hipismo em todos os est\u00e1gios, para bom \u00eaxito de nossos prop\u00f3sitos contamos com experiente quadro de profissionais em cada setor.<br \/>\nAs estat\u00edsticas dos resultados da Federa\u00e7\u00e3o e dos concursos no Paran\u00e1 traduzem muito bem a qualidade e excel\u00eancia de nossa cria\u00e7\u00e3o. O que para n\u00f3s \u00e9 extremamente gratificante.<\/p>\n<p>Cavalo \u00e9 uma paix\u00e3o. \u00c9 assim que entendemos e praticamos o hipismo. Qualidade, conquistando vit\u00f3rias e confraterniza\u00e7\u00f5es, \u00e9 o nosso objetivo.<\/p>\n","protected":false},"excerpt":{"rendered":"<p>ADAL \u00e9 abrevia\u00e7\u00e3o de Alberto Dalcanale, Alberto \u00e9 o nome predominante na fam\u00edlia que \u00e9 totalmente apaixonada pelo hipismo. O Haras foi fundado por Luiz Alberto Dalcanale h\u00e1 mais de vinte anos, cavaleiro participante em concursos com mais de sessenta anos de experi\u00eancia. Foi Presidente da Sociedade H\u00edpica Paranaense por tr\u00eas vezes, Presidente da Federa\u00e7\u00e3o [&hellip;]<\/p>\n","protected":false},"author":1,"featured_media":0,"parent":0,"menu_order":0,"comment_status":"closed","ping_status":"closed","template":"","meta":{"jetpack_post_was_ever_published":false},"jetpack_sharing_enabled":true,"jetpack_shortlink":"https:\/\/wp.me\/P8C6Mi-1D","_links":{"self":[{"href":"https:\/\/harasadal.com.br\/site\/wp-json\/wp\/v2\/pages\/101"}],"collection":[{"href":"https:\/\/harasadal.com.br\/site\/wp-json\/wp\/v2\/pages"}],"about":[{"href":"https:\/\/harasadal.com.br\/site\/wp-json\/wp\/v2\/types\/page"}],"author":[{"embeddable":true,"href":"https:\/\/harasadal.com.br\/site\/wp-json\/wp\/v2\/users\/1"}],"replies":[{"embeddable":true,"href":"https:\/\/harasadal.com.br\/site\/wp-json\/wp\/v2\/comments?post=101"}],"version-history":[{"count":2,"href":"https:\/\/harasadal.com.br\/site\/wp-json\/wp\/v2\/pages\/101\/revisions"}],"predecessor-version":[{"id":126,"href":"https:\/\/harasadal.com.br\/site\/wp-json\/wp\/v2\/pages\/101\/revisions\/126"}],"wp:attachment":[{"href":"https:\/\/harasadal.com.br\/site\/wp-json\/wp\/v2\/media?parent=101"}],"curies":[{"name":"wp","href":"https:\/\/api.w.org\/{rel}","templated":true}]}}