{"id":570,"date":"2018-04-10T19:31:27","date_gmt":"2018-04-10T22:31:27","guid":{"rendered":"http:\/\/harasadal.com.br\/site\/?page_id=570"},"modified":"2024-10-21T10:35:38","modified_gmt":"2024-10-21T13:35:38","slug":"reprises","status":"publish","type":"page","link":"http:\/\/harasadal.com.br\/site\/reprises\/","title":{"rendered":"REPRISES"},"content":{"rendered":"\n<p><strong>Reprises Nacionais Iniciantes<\/strong><\/p>\n\n\n\n<p><a href=\"https:\/\/cbh.org.br\/arquivos\/INICIANTE_I_2010[1].pdf\" target=\"_blank\" rel=\"noreferrer noopener\">Iniciantes I<\/a>&nbsp;&#8211; Atualizado 2010 (vers\u00e3o CBH)<\/p>\n\n\n\n<p><a href=\"https:\/\/cbh.org.br\/arquivos\/INICIANTE_II_2010[1].pdf\" target=\"_blank\" rel=\"noreferrer noopener\">Iniciantes II<\/a>&nbsp;&#8211; Atualizado 2010 (vers\u00e3o CBH)<\/p>\n\n\n\n<p><a href=\"https:\/\/cbh.org.br\/arquivos\/INICIANTE_III_2010[1].pdf\" target=\"_blank\" rel=\"noreferrer noopener\">Iniciantes III&nbsp;&nbsp;<\/a>&#8211; Atualizado 2010&nbsp; (vers\u00e3o CBH)<\/p>\n\n\n\n<p><strong>Reprises Nacionais 2023 (USEF)<\/strong><\/p>\n\n\n\n<p><strong>Categorias P\u00f4nei, Elementar, Preliminar, M\u00e9dia I e II, Forte I<\/strong><\/p>\n\n\n\n<p><a href=\"https:\/\/cbh.org.br\/images\/Ponei_Escola_Teste_A_ed2023.pdf\" target=\"_blank\" rel=\"noreferrer noopener\">P\u00f4nei Escola A<\/a><\/p>\n\n\n\n<p><a href=\"https:\/\/cbh.org.br\/images\/pdfs\/Ponei_Escola_Teste_B_ed2023.pdf\" target=\"_blank\" rel=\"noreferrer noopener\">P\u00f4nei Escola B<\/a><\/p>\n\n\n\n<p><a href=\"https:\/\/cbh.org.br\/images\/pdfs\/Ponei_Escola_Teste_C_ed2023.pdf\">P\u00f4nei Escola&nbsp;C<\/a><\/p>\n\n\n\n<p><a href=\"https:\/\/cbh.org.br\/images\/Elementar_numero_01_ed2023F.pdf\" target=\"_blank\" rel=\"noreferrer noopener\">Elementar n\u00ba 1<\/a><\/p>\n\n\n\n<p><a href=\"https:\/\/cbh.org.br\/images\/pdfs\/Elementar_numero_02_ed2023_corrigida.pdf\" target=\"_blank\" rel=\"noreferrer noopener\">Elementar n\u00ba 2<\/a><\/p>\n\n\n\n<p><a href=\"https:\/\/cbh.org.br\/images\/pdfs\/Elementar_numero_03_ed2023_corrigida.pdf\" target=\"_blank\" rel=\"noreferrer noopener\">Elementar n\u00ba 3<\/a><\/p>\n\n\n\n<p><a href=\"https:\/\/cbh.org.br\/images\/pdfs\/Preliminar_numero_01_ed2023.pdf\" target=\"_blank\" rel=\"noreferrer noopener\">Preliminar n\u00ba 1<\/a><\/p>\n\n\n\n<p><a href=\"https:\/\/cbh.org.br\/images\/Preliminar_numero_02_ed2023F.pdf\" target=\"_blank\" rel=\"noreferrer noopener\">Preliminar n\u00ba 2<\/a><\/p>\n\n\n\n<p><a href=\"https:\/\/cbh.org.br\/images\/Preliminar_numero_03_ed2023F.pdf\" target=\"_blank\" rel=\"noreferrer noopener\">Preliminar n\u00ba 3<\/a><\/p>\n\n\n\n<p><a href=\"https:\/\/cbh.org.br\/images\/pdfs\/media1_n1_2023F.pdf\" target=\"_blank\" rel=\"noreferrer noopener\">M\u00e9dia I n\u00ba 1<\/a><\/p>\n\n\n\n<p><a href=\"https:\/\/cbh.org.br\/images\/media1_n2_edicao23F.pdf\" target=\"_blank\" rel=\"noreferrer noopener\">M\u00e9dia I n\u00ba 2&nbsp;<\/a><\/p>\n\n\n\n<p><a href=\"https:\/\/cbh.org.br\/images\/pdfs\/media1_n3__ed2023.pdf\" target=\"_blank\" rel=\"noreferrer noopener\">M\u00e9dia I n\u00ba 3<\/a><\/p>\n\n\n\n<p><a href=\"https:\/\/cbh.org.br\/images\/pdfs\/media2_n1_ed2023.pdf\" target=\"_blank\" rel=\"noreferrer noopener\">M\u00e9dia II n\u00ba 1<\/a><\/p>\n\n\n\n<p><a href=\"https:\/\/cbh.org.br\/images\/pdfs\/media2_n2__ed2023.pdf\" target=\"_blank\" rel=\"noreferrer noopener\">M\u00e9dia II n\u00ba 2<\/a><\/p>\n\n\n\n<p><a href=\"https:\/\/cbh.org.br\/images\/pdfs\/media2_n3__ed2023.pdf\" target=\"_blank\" rel=\"noreferrer noopener\">M\u00e9dia II n\u00ba 3<\/a><\/p>\n\n\n\n<p><a href=\"https:\/\/cbh.org.br\/images\/Forte_I_numero_01_ed2023_.pdf\" target=\"_blank\" rel=\"noreferrer noopener\">Forte I n\u00ba 1<\/a><\/p>\n\n\n\n<p><a href=\"https:\/\/cbh.org.br\/images\/pdfs\/Forte_I_numero_02_ed2023.pdf\" target=\"_blank\" rel=\"noreferrer noopener\">Forte I n\u00ba 2<\/a><\/p>\n\n\n\n<p><a href=\"https:\/\/cbh.org.br\/images\/Forte_I_numero_03_ed2023F.pdf\" target=\"_blank\" rel=\"noreferrer noopener\">Forte I n\u00ba 3<\/a><\/p>\n\n\n\n<p>Reprises FEI &#8211; Children, Junior, Young Riders, PSG, Inter I, Inter A, Inter B, GP, GPS e Cavalos Novos &#8211; sem altera\u00e7\u00f5es<\/p>\n\n\n\n<p><a href=\"https:\/\/cbh.org.br\/images\/pdfs\/Intro_Test_A_PONEI.pdf\" target=\"_blank\" rel=\"noreferrer noopener\"><strong>Cavalos Novos em portugu\u00eas<\/strong><\/a><\/p>\n\n\n\n<p><a href=\"https:\/\/cbh.org.br\/images\/FEI_CAVALOS_NOVOS_4_ANOS_Revisada.pdf\" target=\"_blank\" rel=\"noreferrer noopener\">FEI Cavalos Novos 4 anos &#8211; edi\u00e7\u00e3o 2015 &#8211; atualizado 2017&nbsp;<br><\/a><a href=\"https:\/\/cbh.org.br\/images\/CBH_FINAL_Cavalos_Novos_04_Anos_Revisada.pdf\" target=\"_blank\" rel=\"noreferrer noopener\">CBH Final Cavalos Novos 4 anos&nbsp;&nbsp;<br><\/a><a href=\"https:\/\/cbh.org.br\/images\/FEI_Preliminar_Cavalos_Novos_05_Anos__Revisada.pdf\" target=\"_blank\" rel=\"noreferrer noopener\">FEI Preliminar Cavalos Novos 5 anos &#8211; edi\u00e7\u00e3o 2004 &#8211; atualizado 2017<br><\/a><a href=\"https:\/\/cbh.org.br\/images\/FEI_Final_Cavalos_Novos_5_anos_Revisado.pdf\" target=\"_blank\" rel=\"noreferrer noopener\">FEI Final Cavalos Novos 5 anos &#8211; edi\u00e7\u00e3o 2004 &#8211; atualizado 2017<\/a><a href=\"https:\/\/cbh.org.br\/images\/FEI_Preliminar_Cavalos_Novos_05_Anos__Revisada.pdf\" target=\"_blank\" rel=\"noreferrer noopener\">&nbsp;&nbsp;<br><\/a><a href=\"https:\/\/cbh.org.br\/images\/FEI_Preliminar_Cavalos_Novos_06_Anos_Revisada.pdf\" target=\"_blank\" rel=\"noreferrer noopener\">FEI Preliminar Cavalos Novos 6 anos &#8211; edi\u00e7\u00e3o 2004 &#8211; atualizado 2017&nbsp;&nbsp;<br><\/a><a href=\"https:\/\/cbh.org.br\/images\/Cavalos_Novos_06_anosF1.pdf\" target=\"_blank\" rel=\"noreferrer noopener\">FEI Final Cavalos Novos 6 anos &#8211; edi\u00e7\u00e3o 2004 &#8211; atualizado 2017&nbsp;<\/a><a href=\"https:\/\/cbh.org.br\/images\/Cavalos_Novos_06_anosF1.pdf\" target=\"_blank\" rel=\"noreferrer noopener\"><\/a><br><a href=\"https:\/\/cbh.org.br\/images\/pdfs\/FEI_Cavalos_Novos_7_Anos_PRELIMINAR_REV_CBH_10_08_2021.pdf\" target=\"_blank\" rel=\"noreferrer noopener\">FEI Preliminar Cavalos Novos 7 anos &#8211; edi\u00e7\u00e3o 2016 &#8211; atualizado 2017<\/a><br><a href=\"https:\/\/cbh.org.br\/images\/pdfs\/Reprise_FEI_Cavalos_Novos_7_Anos_FINAL_REV_CBH_10_08_21.pdf\" target=\"_blank\" rel=\"noreferrer noopener\">FEI Final Cavalos Novos 7 anos&nbsp;<\/a>&nbsp; &nbsp;<\/p>\n\n\n\n<p><strong>Categoria Senior<\/strong><\/p>\n\n\n\n<p><a href=\"https:\/\/cbh.org.br\/images\/Pr%C3%AAmio_S%C3%A3o_Jorge_recCBH_Atual_25_08.pdf\" target=\"_blank\" rel=\"noreferrer noopener\">Pr\u00eamio S\u00e3o Jorge &#8211; edi\u00e7\u00e3o 2009 &#8211; atualizado 2018<br><\/a><a href=\"https:\/\/cbh.org.br\/images\/Intermediaria_I_revCBH-Atual_25_08.pdf\" target=\"_blank\" rel=\"noreferrer noopener\">Intermedi\u00e1ria I &#8211; edi\u00e7\u00e3o 2009 &#8211; atualizado 2020&nbsp;<br><\/a>Intermedi\u00e1ria II &#8211; edi\u00e7\u00e3o 2014 &#8211; atualizado 2020 (aguarde tradu\u00e7\u00e3o)<br>Intermedi\u00e1ria A &#8211; edi\u00e7\u00e3o 2015 &#8211; atualizado 2020 (aguarde tradu\u00e7\u00e3o)<br>Intermedi\u00e1ria B &#8211; edi\u00e7\u00e3o 2020 (aguarde tradu\u00e7\u00e3o)<br>Grande Pr\u00eamio 2009 &#8211; revis\u00e3o 2014 &#8211; atualizado 2020 (aguarde tradu\u00e7\u00e3o)<br>Grande Pr\u00eamio Especial 2009 &#8211; revis\u00e3o 2014 &#8211; atualizado 2018 (aguarde tradu\u00e7\u00e3o)<br>Estilo Livre Intermedi\u00e1ria I &#8211; edi\u00e7\u00e3o 1998 &#8211; revis\u00e3o 2009 &#8211; atualizado 2017<br>Estilo Livre Intermedi\u00e1ria A\/B &#8211; edi\u00e7\u00e3o 2018 (aguarde tradu\u00e7\u00e3o)<br>Estilo Livre Grande Pr\u00eamio 2017 &#8211; edi\u00e7\u00e3o 1999 &#8211; revis\u00e3o 2009 &#8211; atualizado 2017<\/p>\n\n\n\n<p>_____________________________________________________________________________________________<\/p>\n\n\n\n<p><strong>REPRISES INTERNACIONAIS &#8211; Vers\u00e3o em Ingl\u00eas&nbsp;<\/strong><\/p>\n\n\n\n<p><strong>Dressage Tests Seniors<\/strong><\/p>\n\n\n\n<p><a href=\"https:\/\/cbh.org.br\/images\/Prix_St_Georges_2021_0.pdf\" target=\"_blank\" rel=\"noreferrer noopener\">Prix St-Georges PDF &#8211; Edition 2009 &#8211; update 2021<\/a><br><a href=\"https:\/\/cbh.org.br\/images\/Inter_I_2021_0.pdf\" target=\"_blank\" rel=\"noreferrer noopener\">Intermediate I PDF &#8211; Edition 2009 &#8211; update 2021<\/a><br><a href=\"https:\/\/cbh.org.br\/images\/Intermediate_A_2021_0.pdf\" target=\"_blank\" rel=\"noreferrer noopener\">Intermediate A PDF &#8211; Edition 2015 &#8211; update 2021<\/a><br><a href=\"https:\/\/cbh.org.br\/images\/Intermediate_B_2021_0.pdf\" target=\"_blank\" rel=\"noreferrer noopener\">Intermediate B PDF &#8211; Edition 2020 &#8211; update 2021<\/a><br><a href=\"https:\/\/cbh.org.br\/images\/Inter_II_2021_0.pdf\" target=\"_blank\" rel=\"noreferrer noopener\">Intermediate II PDF &#8211; Edition 2014 &#8211; update 2021<\/a><br><a href=\"https:\/\/cbh.org.br\/images\/Short_GP_2021_0.pdf\" target=\"_blank\" rel=\"noreferrer noopener\">Short Grand Prix PDF &#8211; Edition 2021 &#8211; Only World Cup shows &#8211; Season 2021\/2022<\/a><br><a href=\"https:\/\/cbh.org.br\/images\/GP_2021_0.pdf\" target=\"_blank\" rel=\"noreferrer noopener\">Grand Prix PDF &#8211; Edition 2009 &#8211; revision 2014 &#8211; update 2021<\/a><br><a href=\"https:\/\/cbh.org.br\/images\/GPS_2021_0.pdf\" target=\"_blank\" rel=\"noreferrer noopener\">Grand Prix Special PDF &#8211; Edition 2009 &#8211; revision 2014 &#8211; update 2021<\/a><\/p>\n\n\n\n<p><strong>Dressage Tests &#8211; Freestyle<\/strong><\/p>\n\n\n\n<p><a href=\"https:\/\/cbh.org.br\/images\/Pony_Freestyle_09_update_2017.pdf\" target=\"_blank\" rel=\"noreferrer noopener\">Pony Riders PDF &#8211; Edition 2007 &#8211; revision 2009 &#8211; update 2017<\/a><br><a href=\"https:\/\/cbh.org.br\/images\/Juniors_Freestyle09_update_2017.pdf\" target=\"_blank\" rel=\"noreferrer noopener\">Juniors PDF Edition 2006 &#8211; revision 2009 &#8211; update 2017<\/a><br><a href=\"https:\/\/cbh.org.br\/images\/YR_Freestyle_09_update_2017.pdf\" target=\"_blank\" rel=\"noreferrer noopener\">Young Riders PDF &#8211; Edition 2006 &#8211; revision 2009 &#8211; update 2017<\/a><br><a href=\"https:\/\/cbh.org.br\/images\/Inter_I_Freestyle_09_update_2017.pdf\" target=\"_blank\" rel=\"noreferrer noopener\">Intermediate I PDF Edition 1998 &#8211; revision 2009 &#8211; update 2017<\/a><br><a href=\"https:\/\/cbh.org.br\/images\/InterAB__Freestyle_2021_0.pdf\" target=\"_blank\" rel=\"noreferrer noopener\">Intermediate A\/B PDF &#8211; Edition 2018 &#8211; update 2021<\/a><br><a href=\"https:\/\/cbh.org.br\/images\/GP_Freestyle09_update_2017.pdf\" target=\"_blank\" rel=\"noreferrer noopener\">Grand Prix PDF &#8211; Edition 1999 &#8211; revision 2009 &#8211; update 2017<\/a><\/p>\n\n\n\n<p><strong>Dressage Tests &#8211; U25<\/strong><\/p>\n\n\n\n<p><a href=\"https:\/\/cbh.org.br\/images\/Grand_Prix_16-25_2021.pdf\" target=\"_blank\" rel=\"noreferrer noopener\">Grand Prix 16-25 PDF &#8211; Edition 2009 &#8211; update 2021<\/a><\/p>\n\n\n\n<p><strong>Dressage Tests &#8211; Young Riders<\/strong><\/p>\n\n\n\n<p><a href=\"https:\/\/cbh.org.br\/images\/YR_Preliminary_2021.pdf\" target=\"_blank\" rel=\"noreferrer noopener\">Preliminary Competition PDF &#8211; Edition 2009 &#8211; update 2021<\/a><br><a href=\"https:\/\/cbh.org.br\/images\/YR_Team_2021.pdf\" target=\"_blank\" rel=\"noreferrer noopener\">Team Competition PDF &#8211; Edition 2009 &#8211; update 2021<\/a><br><a href=\"https:\/\/cbh.org.br\/images\/YR_Individual_2021.pdf\" target=\"_blank\" rel=\"noreferrer noopener\">Individual Competition PDF &#8211; Edition 2009 &#8211; update 2021<\/a><\/p>\n\n\n\n<p><strong>Dressage Tests &#8211; Juniors<\/strong><\/p>\n\n\n\n<p><a href=\"https:\/\/cbh.org.br\/images\/Juniors_Preliminary_2021.pdf\" target=\"_blank\" rel=\"noreferrer noopener\">Preliminary Competition PDF &#8211; Edition 2009 &#8211; update 2021<\/a><br><a href=\"https:\/\/cbh.org.br\/images\/Juniors_Team_2021.pdf\" target=\"_blank\" rel=\"noreferrer noopener\">Team Competition PDF &#8211; Edition 2009 &#8211; update 2021<\/a><br><a href=\"https:\/\/cbh.org.br\/images\/Juniors_Individual_2021.pdf\" target=\"_blank\" rel=\"noreferrer noopener\">Individual Competition PDF &#8211; Edition 2009 &#8211; update 2021<\/a><\/p>\n\n\n\n<p><strong>Dressage Tests &#8211; Pony Riders<\/strong><\/p>\n\n\n\n<p><a href=\"https:\/\/cbh.org.br\/images\/Pony_Preliminary_2021.pdf\" target=\"_blank\" rel=\"noreferrer noopener\">Preliminary Competition PDF &#8211; Edition 2012 &#8211; update 2021<\/a><br><a href=\"https:\/\/cbh.org.br\/images\/Pony_Team_2021.pdf\" target=\"_blank\" rel=\"noreferrer noopener\">Team Competition PDF &#8211; Edition 2012 &#8211; update 2021<\/a><br><a href=\"https:\/\/cbh.org.br\/images\/Pony_Individual_2021.pdf\" target=\"_blank\" rel=\"noreferrer noopener\">Individual Competition PDF &#8211; Edition 2012 &#8211; update 2021<\/a><\/p>\n\n\n\n<p><strong>Dressage Tests &#8211; Children<\/strong><\/p>\n\n\n\n<p><a href=\"https:\/\/cbh.org.br\/images\/Children_Preliminary_A_2020_V2_0.pdf\" target=\"_blank\" rel=\"noreferrer noopener\">Preliminary Competition A PDF &#8211; Edition 2020 &#8211; updated 01\/05\/2020<\/a><br><a href=\"https:\/\/cbh.org.br\/images\/Children_Preliminary_B_2020_V2_0.pdf\" target=\"_blank\" rel=\"noreferrer noopener\">Preliminary Competition B PDF &#8211; Edition 2020 &#8211; updated 01\/05\/2020<\/a><br><a href=\"https:\/\/cbh.org.br\/images\/Children_Team_2020_V2_0.pdf\" target=\"_blank\" rel=\"noreferrer noopener\">Team Competition PDF &#8211; Edition 2020 &#8211; updated 01\/05\/2020<\/a><br><a href=\"https:\/\/cbh.org.br\/images\/pdfs\/Children_Individual_2020_V2_0.pdf\" target=\"_blank\" rel=\"noreferrer noopener\">Individual Competition PDF &#8211; Edition 2020 &#8211; updated 01\/05\/2020<\/a><\/p>\n\n\n\n<p><strong>Dressage Tests &#8211; Young Horses<\/strong><\/p>\n\n\n\n<p><a href=\"https:\/\/cbh.org.br\/images\/pdfs\/YH4_2017.pdf\" target=\"_blank\" rel=\"noreferrer noopener\">Competition for 4-year old horses (National Competition only) PDF &#8211; Edition 2005 &#8211; update 2017<\/a><br><a href=\"https:\/\/cbh.org.br\/images\/pdfs\/YHP5_2017.pdf\" target=\"_blank\" rel=\"noreferrer noopener\">Preliminary Competition for 5-year old horses PDF &#8211; Edition 2004 &#8211; update 2017<\/a><br><a href=\"https:\/\/cbh.org.br\/images\/pdfs\/YHP6_2017.pdf\" target=\"_blank\" rel=\"noreferrer noopener\">Preliminary Competition for 6-year old horses PDF &#8211; Edition 2004 &#8211; update 2017<\/a><br><a href=\"https:\/\/cbh.org.br\/images\/pdfs\/YHP7_2021.pdf\" target=\"_blank\" rel=\"noreferrer noopener\">Preliminary Competition for 7-year old horses PDF &#8211; Edition 2016 &#8211; update 2021<\/a><br><a href=\"https:\/\/cbh.org.br\/images\/pdfs\/YHF5_2017.pdf\" target=\"_blank\" rel=\"noreferrer noopener\">Final Competition for 5-year old horses PDF &#8211; Edition 2004 &#8211; update 2017<\/a><br><a href=\"https:\/\/cbh.org.br\/images\/pdfs\/YHF6_2017.pdf\" target=\"_blank\" rel=\"noreferrer noopener\">Final Competition for 6-year old horses PDF &#8211; Edition 2004 &#8211; update 2017<\/a><br><a href=\"https:\/\/cbh.org.br\/images\/pdfs\/YHF7_2021.pdf\" target=\"_blank\" rel=\"noreferrer noopener\">Final Competition for 7-year old horses PDF &#8211; Edition 2016 &#8211; update 2021<\/a><br><a href=\"https:\/\/cbh.org.br\/images\/pdfs\/YHGP_2021.pdf\" target=\"_blank\" rel=\"noreferrer noopener\">Grand Prix &#8211; Young Horses (National Competition only) PDF &#8211; Edition 2020 &#8211; update 2021<\/a><\/p>\n\n\n\n<p><strong>Dressage Tests &#8211; Regional Games<\/strong><\/p>\n\n\n\n<p><a href=\"https:\/\/cbh.org.br\/images\/pdfs\/GamesPrel_2021.pdf\" target=\"_blank\" rel=\"noreferrer noopener\">Preliminary Competition PDF &#8211; Edition 1997 &#8211; revision 2009 &#8211; update 2021<\/a><br><a href=\"https:\/\/cbh.org.br\/images\/pdfs\/GamesTeam_2021.pdf\" target=\"_blank\" rel=\"noreferrer noopener\">Team Competition PDF &#8211; Edition 1997 &#8211; revision 2009 &#8211; update 2021<\/a><br><a href=\"https:\/\/cbh.org.br\/images\/pdfs\/GamesInd_2021.pdf\" target=\"_blank\" rel=\"noreferrer noopener\">Individual Competition PDF &#8211; Edition 1997 &#8211; revision 2009 &#8211; update 2021<\/a><\/p>\n\n\n\n<p><a href=\"https:\/\/inside.fei.org\/fei\/disc\/fei-world-challenge\/dressage\" target=\"_blank\" rel=\"noreferrer noopener\">FEI World Dressage Challenge<\/a><\/p>\n","protected":false},"excerpt":{"rendered":"<p>Reprises Nacionais Iniciantes Iniciantes I&nbsp;&#8211; Atualizado 2010 (vers\u00e3o CBH) Iniciantes II&nbsp;&#8211; Atualizado 2010 (vers\u00e3o CBH) Iniciantes III&nbsp;&nbsp;&#8211; Atualizado 2010&nbsp; (vers\u00e3o CBH) Reprises Nacionais 2023 (USEF) Categorias P\u00f4nei, Elementar, Preliminar, M\u00e9dia I e II, Forte I P\u00f4nei Escola A P\u00f4nei Escola B P\u00f4nei Escola&nbsp;C Elementar n\u00ba 1 Elementar n\u00ba 2 Elementar n\u00ba 3 Preliminar n\u00ba 1 [&hellip;]<\/p>\n","protected":false},"author":1,"featured_media":0,"parent":0,"menu_order":0,"comment_status":"closed","ping_status":"closed","template":"","meta":{"jetpack_post_was_ever_published":false},"jetpack_sharing_enabled":true,"jetpack_shortlink":"https:\/\/wp.me\/P8C6Mi-9c","_links":{"self":[{"href":"http:\/\/harasadal.com.br\/site\/wp-json\/wp\/v2\/pages\/570"}],"collection":[{"href":"http:\/\/harasadal.com.br\/site\/wp-json\/wp\/v2\/pages"}],"about":[{"href":"http:\/\/harasadal.com.br\/site\/wp-json\/wp\/v2\/types\/page"}],"author":[{"embeddable":true,"href":"http:\/\/harasadal.com.br\/site\/wp-json\/wp\/v2\/users\/1"}],"replies":[{"embeddable":true,"href":"http:\/\/harasadal.com.br\/site\/wp-json\/wp\/v2\/comments?post=570"}],"version-history":[{"count":6,"href":"http:\/\/harasadal.com.br\/site\/wp-json\/wp\/v2\/pages\/570\/revisions"}],"predecessor-version":[{"id":1122,"href":"http:\/\/harasadal.com.br\/site\/wp-json\/wp\/v2\/pages\/570\/revisions\/1122"}],"wp:attachment":[{"href":"http:\/\/harasadal.com.br\/site\/wp-json\/wp\/v2\/media?parent=570"}],"curies":[{"name":"wp","href":"https:\/\/api.w.org\/{rel}","templated":true}]}}